{"id":1163,"date":"2018-11-06T10:34:24","date_gmt":"2018-11-06T10:34:24","guid":{"rendered":"https:\/\/the7.io\/church\/?page_id=5"},"modified":"2025-08-06T14:45:46","modified_gmt":"2025-08-06T11:45:46","slug":"home","status":"publish","type":"page","link":"https:\/\/ficiatolyesi.com\/","title":{"rendered":"Ana Sayfa"},"content":{"rendered":"<p>[vc_row full_width=&#8221;stretch_row_content&#8221; full_height=&#8221;yes&#8221; columns_placement=&#8221;bottom&#8221; equal_height=&#8221;yes&#8221; content_placement=&#8221;middle&#8221; bg_type=&#8221;video&#8221; video_url=&#8221;https:\/\/ficiatolyesi.com\/wp-content\/uploads\/2019\/07\/Pexels-Videos-1620050.mp4&#8243; video_url_2=&#8221;https:\/\/ficiatolyesi.com\/wp-content\/uploads\/2019\/07\/Pexels-Videos-1620050.webm&#8221; video_opts=&#8221;loop,muted&#8221; video_poster=&#8221;id^780|url^https:\/\/ficiatolyesi.com\/wp-content\/uploads\/2019\/07\/video-bg.jpg|caption^null|alt^null|title^video-bg|description^null&#8221; viewport_vdo=&#8221;viewport_play&#8221; bg_override=&#8221;ex-full&#8221; enable_overlay=&#8221;enable_overlay_value&#8221; overlay_color=&#8221;rgba(34,33,35,0.3)&#8221; overlay_pattern=&#8221;01.png&#8221; overlay_pattern_opacity=&#8221;10&#8243; css=&#8221;.vc_custom_1563546828141{padding-top: 0px !important;padding-bottom: 0px !important;background-color: #222123 !important;}&#8221;][vc_column css_animation=&#8221;none&#8221; width=&#8221;2\/3&#8243; css=&#8221;.vc_custom_1562781881621{padding-top: 150px !important;padding-bottom: 50px !important;padding-left: 50px !important;background-position: center !important;background-repeat: no-repeat !important;background-size: cover !important;}&#8221; el_class=&#8221;higher-z-index&#8221; offset=&#8221;vc_col-lg-7 vc_col-md-7 vc_col-xs-12&#8243;]<div id=\"ultimate-heading-361469e31bb5f01cc\" class=\"uvc-heading ult-adjust-bottom-margin ultimate-heading-361469e31bb5f01cc uvc-6264 border-fix\" data-hspacer=\"no_spacer\"  data-halign=\"left\" style=\"text-align:left\"><div class=\"uvc-heading-spacer no_spacer\" style=\"top\"><\/div><div class=\"uvc-main-heading ult-responsive\"  data-ultimate-target='.uvc-heading.ultimate-heading-361469e31bb5f01cc h1'  data-responsive-json-new='{\"font-size\":\"desktop:100px;tablet:76px;tablet_portrait:66px;mobile_landscape:56px;\",\"line-height\":\"desktop:96px;tablet:86px;tablet_portrait:76px;mobile_landscape:66px;\"}' ><h1 style=\"font-family:&#039;Old Standard TT&#039;;--font-weight:theme;color:#ffffff;margin-bottom:5px;\">BARBOSSA<\/h1><\/div><div class=\"uvc-sub-heading ult-responsive\"  data-ultimate-target='.uvc-heading.ultimate-heading-361469e31bb5f01cc .uvc-sub-heading '  data-responsive-json-new='{\"font-size\":\"desktop:48px;tablet:36px;tablet_portrait:32px;mobile_landscape:28px;\",\"line-height\":\"desktop:50px;tablet:46px;tablet_portrait:42px;mobile_landscape:38px;\"}'  style=\"font-weight:normal;color:#c19434;margin-bottom:25px;\">FI\u00c7I AT\u00d6LYES\u0130<\/div><\/div><div id=\"ultimate-heading-113369e31bb5f0207\" class=\"uvc-heading ult-adjust-bottom-margin ultimate-heading-113369e31bb5f0207 uvc-3139  uvc-heading-default-font-sizes\" data-hspacer=\"no_spacer\"  data-halign=\"left\" style=\"text-align:left\"><div class=\"uvc-heading-spacer no_spacer\" style=\"top\"><\/div><div class=\"uvc-sub-heading ult-responsive\"  data-ultimate-target='.uvc-heading.ultimate-heading-113369e31bb5f0207 .uvc-sub-heading '  data-responsive-json-new='{\"font-size\":\"desktop:20px;mobile_landscape:18px;\",\"line-height\":\"desktop:30px;mobile_landscape:28px;\"}'  style=\"font-weight:normal;color:#ffffff;margin-bottom:40px;\">Geleneksel f\u0131\u00e7\u0131 yap\u0131m\u0131 tekniklerini teknolojiyle birle\u015ftiriyor, kullan\u0131lm\u0131\u015f f\u0131\u00e7\u0131lar\u0131n\u0131z\u0131 \u00e7evreci bir anlay\u0131\u015fla ilk g\u00fcnk\u00fc verimli haline geri d\u00f6nd\u00fcr\u00fcyoruz.<\/div><\/div><style type=\"text\/css\" data-type=\"the7_shortcodes-inline-css\">#default-btn-10015721907a9509fc06ffa6a4159c1e {\n  border-radius: 1px;\n  font-size: 18px;\n  line-height: 20px;\n}\n.btn-shadow#default-btn-10015721907a9509fc06ffa6a4159c1e {\n  box-shadow: 0 1px 6px rgba(0,0,0,0.12);\n  transition: box-shadow 0.2s ease-out, opacity 0.45s;\n}\n.btn-shadow#default-btn-10015721907a9509fc06ffa6a4159c1e:hover {\n  box-shadow: 0 5px 11px 0 rgba(0,0,0,0.18), 0 4px 15px 0 rgba(0,0,0,0.15);\n}\n.btn-flat#default-btn-10015721907a9509fc06ffa6a4159c1e {\n  box-shadow: none;\n}\n.btn-flat#default-btn-10015721907a9509fc06ffa6a4159c1e:hover {\n  box-shadow: none;\n}\n#default-btn-10015721907a9509fc06ffa6a4159c1e.ico-right-side > i {\n  margin-right: 0px;\n  margin-left: 8px;\n}\n#default-btn-10015721907a9509fc06ffa6a4159c1e > i {\n  margin-right: 8px;\n  font-size: 16px;\n}\n#default-btn-10015721907a9509fc06ffa6a4159c1e:not(:hover) {\n  border-width: 0px;\n  padding: 16px 34px 18px 34px;\n}\n#default-btn-10015721907a9509fc06ffa6a4159c1e:hover {\n  border-width: 0px;\n  padding: 16px 34px 18px 34px;\n}\n#default-btn-10015721907a9509fc06ffa6a4159c1e.ico-right-side > i {\n  margin-right: 0px;\n  margin-left: 8px;\n}\n#default-btn-10015721907a9509fc06ffa6a4159c1e > i {\n  margin-right: 8px;\n}\n#default-btn-10015721907a9509fc06ffa6a4159c1e * {\n  vertical-align: middle;\n}\n<\/style><a href=\"https:\/\/ficiatolyesi.com\/?page_id=1165\" class=\"default-btn-shortcode dt-btn link-hover-off btn-inline-left btn-flat \" id=\"default-btn-10015721907a9509fc06ffa6a4159c1e\" title=\"\u0130LET\u0130\u015e\u0130M\"><i class=\"fas fa-calendar-alt\"><\/i><span>\u0130leti\u015fim<\/span><\/a>[\/vc_column][\/vc_row]<\/p>\n","protected":false},"excerpt":{"rendered":"<p>[vc_row full_width=&#8221;stretch_row_content&#8221; full_height=&#8221;yes&#8221; columns_placement=&#8221;bottom&#8221; equal_height=&#8221;yes&#8221; content_placement=&#8221;middle&#8221; bg_type=&#8221;video&#8221; video_url=&#8221;https:\/\/ficiatolyesi.com\/wp-content\/uploads\/2019\/07\/Pexels-Videos-1620050.mp4&#8243; video_url_2=&#8221;https:\/\/ficiatolyesi.com\/wp-content\/uploads\/2019\/07\/Pexels-Videos-1620050.webm&#8221; video_opts=&#8221;loop,muted&#8221; video_poster=&#8221;id^780|url^https:\/\/ficiatolyesi.com\/wp-content\/uploads\/2019\/07\/video-bg.jpg|caption^null|alt^null|title^video-bg|description^null&#8221; viewport_vdo=&#8221;viewport_play&#8221; bg_override=&#8221;ex-full&#8221; enable_overlay=&#8221;enable_overlay_value&#8221; overlay_color=&#8221;rgba(34,33,35,0.3)&#8221; overlay_pattern=&#8221;01.png&#8221; overlay_pattern_opacity=&#8221;10&#8243; css=&#8221;.vc_custom_1563546828141{padding-top: 0px !important;padding-bottom: 0px !important;background-color: #222123 !important;}&#8221;][vc_column css_animation=&#8221;none&#8221; width=&#8221;2\/3&#8243; css=&#8221;.vc_custom_1562781881621{padding-top: 150px !important;padding-bottom: 50px !important;padding-left: 50px !important;background-position: center !important;background-repeat: no-repeat !important;background-size: cover !important;}&#8221; el_class=&#8221;higher-z-index&#8221; offset=&#8221;vc_col-lg-7 vc_col-md-7 vc_col-xs-12&#8243;][\/vc_column][\/vc_row]<\/p>\n","protected":false},"author":1,"featured_media":0,"parent":0,"menu_order":0,"comment_status":"closed","ping_status":"closed","template":"template-microsite.php","meta":{"footnotes":""},"_links":{"self":[{"href":"https:\/\/ficiatolyesi.com\/index.php?rest_route=\/wp\/v2\/pages\/1163"}],"collection":[{"href":"https:\/\/ficiatolyesi.com\/index.php?rest_route=\/wp\/v2\/pages"}],"about":[{"href":"https:\/\/ficiatolyesi.com\/index.php?rest_route=\/wp\/v2\/types\/page"}],"author":[{"embeddable":true,"href":"https:\/\/ficiatolyesi.com\/index.php?rest_route=\/wp\/v2\/users\/1"}],"replies":[{"embeddable":true,"href":"https:\/\/ficiatolyesi.com\/index.php?rest_route=%2Fwp%2Fv2%2Fcomments&post=1163"}],"version-history":[{"count":13,"href":"https:\/\/ficiatolyesi.com\/index.php?rest_route=\/wp\/v2\/pages\/1163\/revisions"}],"predecessor-version":[{"id":1958,"href":"https:\/\/ficiatolyesi.com\/index.php?rest_route=\/wp\/v2\/pages\/1163\/revisions\/1958"}],"wp:attachment":[{"href":"https:\/\/ficiatolyesi.com\/index.php?rest_route=%2Fwp%2Fv2%2Fmedia&parent=1163"}],"curies":[{"name":"wp","href":"https:\/\/api.w.org\/{rel}","templated":true}]}}