{"id":1165,"date":"2018-11-06T10:35:36","date_gmt":"2018-11-06T10:35:36","guid":{"rendered":"https:\/\/the7.io\/church\/?page_id=11"},"modified":"2021-04-08T10:58:01","modified_gmt":"2021-04-08T07:58:01","slug":"iletisim","status":"publish","type":"page","link":"https:\/\/ficiatolyesi.com\/?page_id=1165","title":{"rendered":"\u0130LET\u0130\u015e\u0130M"},"content":{"rendered":"<p>[vc_row bg_type=&#8221;bg_color&#8221; bg_override=&#8221;full&#8221; css=&#8221;.vc_custom_1561965266036{padding-top: 70px !important;padding-bottom: 80px !important;}&#8221; bg_color_value=&#8221;#f7f7f7&#8243;][vc_column][vc_single_image image=&#8221;1215&#8243; img_size=&#8221;full&#8221; alignment=&#8221;center&#8221;]<style type=\"text\/css\" data-type=\"the7_shortcodes-inline-css\">.dt-shortcode-soc-icons.soc-icons-74c410b06c4f55dbdf014c8618579962 a {\n  margin-right: 10px;\n}\n.dt-shortcode-soc-icons a.soc-icons-74c410b06c4f55dbdf014c8618579962 {\n  margin-right: 10px;\n}\n.dt-shortcode-soc-icons a.soc-icons-74c410b06c4f55dbdf014c8618579962:last-child {\n  margin-right: 0;\n}\n.dt-shortcode-soc-icons a.soc-icons-74c410b06c4f55dbdf014c8618579962:before,\n.dt-shortcode-soc-icons a.soc-icons-74c410b06c4f55dbdf014c8618579962:after {\n  padding: inherit;\n}\n.dt-shortcode-soc-icons a.soc-icons-74c410b06c4f55dbdf014c8618579962.dt-icon-border-on:before {\n  border:  solid ;\n}\n.dt-shortcode-soc-icons a.soc-icons-74c410b06c4f55dbdf014c8618579962.dt-icon-hover-border-on:after {\n  border:  solid ;\n}\n<\/style><div class=\"dt-shortcode-soc-icons  soc-icons-74c410b06c4f55dbdf014c8618579962 soc-icons-center \" ><style type=\"text\/css\" data-type=\"the7_shortcodes-inline-css\">.dt-shortcode-soc-icons a.single-soc-icon-be6a04730df1cfacb30d4f395df2efdc {\n  min-width: 46px;\n  min-height: 46px;\n  font-size: 25px;\n  border-radius: 100px;\n}\n.dt-shortcode-soc-icons a.single-soc-icon-be6a04730df1cfacb30d4f395df2efdc:last-child {\n  margin-right: 0;\n}\n.dt-shortcode-soc-icons a.single-soc-icon-be6a04730df1cfacb30d4f395df2efdc:before,\n.dt-shortcode-soc-icons a.single-soc-icon-be6a04730df1cfacb30d4f395df2efdc:after {\n  min-width: 46px;\n  min-height: 46px;\n  padding: inherit;\n}\n#page .dt-shortcode-soc-icons a.single-soc-icon-be6a04730df1cfacb30d4f395df2efdc.dt-icon-bg-on:before,\n#phantom .dt-shortcode-soc-icons a.single-soc-icon-be6a04730df1cfacb30d4f395df2efdc.dt-icon-bg-on:before {\n  background: #34421e;\n}\n.dt-shortcode-soc-icons a.single-soc-icon-be6a04730df1cfacb30d4f395df2efdc.dt-icon-border-on:before {\n  border: 0px solid ;\n}\n.dt-shortcode-soc-icons a.single-soc-icon-be6a04730df1cfacb30d4f395df2efdc.dt-icon-hover-border-on:after {\n  border: 0px solid ;\n}\n.dt-shortcode-soc-icons a.single-soc-icon-be6a04730df1cfacb30d4f395df2efdc:hover {\n  font-size: 25px;\n}\n#page .dt-shortcode-soc-icons a.single-soc-icon-be6a04730df1cfacb30d4f395df2efdc:hover .soc-font-icon,\n#phantom .dt-shortcode-soc-icons a.single-soc-icon-be6a04730df1cfacb30d4f395df2efdc:hover .soc-font-icon,\n#page .dt-shortcode-soc-icons a.single-soc-icon-be6a04730df1cfacb30d4f395df2efdc:hover .soc-icon,\n#phantom .dt-shortcode-soc-icons a.single-soc-icon-be6a04730df1cfacb30d4f395df2efdc:hover .soc-icon {\n  color: #ffffff;\n  background: none;\n}\n#page .dt-shortcode-soc-icons a.single-soc-icon-be6a04730df1cfacb30d4f395df2efdc.dt-icon-hover-bg-on:after,\n#phantom .dt-shortcode-soc-icons a.single-soc-icon-be6a04730df1cfacb30d4f395df2efdc.dt-icon-hover-bg-on:after {\n  background: #c19434;\n}\n#page .dt-shortcode-soc-icons a.single-soc-icon-be6a04730df1cfacb30d4f395df2efdc:not(:hover) .soc-font-icon,\n#phantom .dt-shortcode-soc-icons a.single-soc-icon-be6a04730df1cfacb30d4f395df2efdc:not(:hover) .soc-font-icon,\n#page .dt-shortcode-soc-icons a.single-soc-icon-be6a04730df1cfacb30d4f395df2efdc:not(:hover) .soc-icon,\n#phantom .dt-shortcode-soc-icons a.single-soc-icon-be6a04730df1cfacb30d4f395df2efdc:not(:hover) .soc-icon {\n  color: #ffffff;\n  background: none;\n}\n.dt-shortcode-soc-icons a.single-soc-icon-be6a04730df1cfacb30d4f395df2efdc .soc-font-icon,\n.dt-shortcode-soc-icons a.single-soc-icon-be6a04730df1cfacb30d4f395df2efdc .soc-icon {\n  font-size: 25px;\n}\n<\/style><a title=\"Facebook\" href=\"https:\/\/www.facebook.com\/ficiatolyesi\" class=\"facebook single-soc-icon-be6a04730df1cfacb30d4f395df2efdc dt-icon-bg-on dt-icon-hover-bg-on  \" ><i class=\"soc-icon soc-font-icon dt-icon-facebook\"><\/i><span class=\"screen-reader-text\">Facebook<\/span><\/a><style type=\"text\/css\" data-type=\"the7_shortcodes-inline-css\">.dt-shortcode-soc-icons a.single-soc-icon-45f9156beb7cb61948d2e5e6ecb9262c {\n  min-width: 46px;\n  min-height: 46px;\n  font-size: 25px;\n  border-radius: 100px;\n}\n.dt-shortcode-soc-icons a.single-soc-icon-45f9156beb7cb61948d2e5e6ecb9262c:last-child {\n  margin-right: 0;\n}\n.dt-shortcode-soc-icons a.single-soc-icon-45f9156beb7cb61948d2e5e6ecb9262c:before,\n.dt-shortcode-soc-icons a.single-soc-icon-45f9156beb7cb61948d2e5e6ecb9262c:after {\n  min-width: 46px;\n  min-height: 46px;\n  padding: inherit;\n}\n#page .dt-shortcode-soc-icons a.single-soc-icon-45f9156beb7cb61948d2e5e6ecb9262c.dt-icon-bg-on:before,\n#phantom .dt-shortcode-soc-icons a.single-soc-icon-45f9156beb7cb61948d2e5e6ecb9262c.dt-icon-bg-on:before {\n  background: #34421e;\n}\n.dt-shortcode-soc-icons a.single-soc-icon-45f9156beb7cb61948d2e5e6ecb9262c.dt-icon-border-on:before {\n  border: 0px solid ;\n}\n.dt-shortcode-soc-icons a.single-soc-icon-45f9156beb7cb61948d2e5e6ecb9262c.dt-icon-hover-border-on:after {\n  border: 0px solid ;\n}\n.dt-shortcode-soc-icons a.single-soc-icon-45f9156beb7cb61948d2e5e6ecb9262c:hover {\n  font-size: 25px;\n}\n#page .dt-shortcode-soc-icons a.single-soc-icon-45f9156beb7cb61948d2e5e6ecb9262c:hover .soc-font-icon,\n#phantom .dt-shortcode-soc-icons a.single-soc-icon-45f9156beb7cb61948d2e5e6ecb9262c:hover .soc-font-icon,\n#page .dt-shortcode-soc-icons a.single-soc-icon-45f9156beb7cb61948d2e5e6ecb9262c:hover .soc-icon,\n#phantom .dt-shortcode-soc-icons a.single-soc-icon-45f9156beb7cb61948d2e5e6ecb9262c:hover .soc-icon {\n  color: #ffffff;\n  background: none;\n}\n#page .dt-shortcode-soc-icons a.single-soc-icon-45f9156beb7cb61948d2e5e6ecb9262c.dt-icon-hover-bg-on:after,\n#phantom .dt-shortcode-soc-icons a.single-soc-icon-45f9156beb7cb61948d2e5e6ecb9262c.dt-icon-hover-bg-on:after {\n  background: #c19434;\n}\n#page .dt-shortcode-soc-icons a.single-soc-icon-45f9156beb7cb61948d2e5e6ecb9262c:not(:hover) .soc-font-icon,\n#phantom .dt-shortcode-soc-icons a.single-soc-icon-45f9156beb7cb61948d2e5e6ecb9262c:not(:hover) .soc-font-icon,\n#page .dt-shortcode-soc-icons a.single-soc-icon-45f9156beb7cb61948d2e5e6ecb9262c:not(:hover) .soc-icon,\n#phantom .dt-shortcode-soc-icons a.single-soc-icon-45f9156beb7cb61948d2e5e6ecb9262c:not(:hover) .soc-icon {\n  color: #ffffff;\n  background: none;\n}\n.dt-shortcode-soc-icons a.single-soc-icon-45f9156beb7cb61948d2e5e6ecb9262c .soc-font-icon,\n.dt-shortcode-soc-icons a.single-soc-icon-45f9156beb7cb61948d2e5e6ecb9262c .soc-icon {\n  font-size: 25px;\n}\n<\/style><a title=\"\" href=\"https:\/\/www.linkedin.com\/company\/barbossa-f%C4%B1%C3%A7%C4%B1-at%C3%B6lyesi\/\" class=\"fab fa-linkedin single-soc-icon-45f9156beb7cb61948d2e5e6ecb9262c dt-icon-bg-on dt-icon-hover-bg-on  \" ><i class=\"soc-icon fab fa-linkedin\"><\/i><span class=\"screen-reader-text\"><\/span><\/a><style type=\"text\/css\" data-type=\"the7_shortcodes-inline-css\">.dt-shortcode-soc-icons a.single-soc-icon-f7f2a546c6a4276f7d6e80485eb695ec {\n  min-width: 46px;\n  min-height: 46px;\n  font-size: 25px;\n  border-radius: 100px;\n}\n.dt-shortcode-soc-icons a.single-soc-icon-f7f2a546c6a4276f7d6e80485eb695ec:last-child {\n  margin-right: 0;\n}\n.dt-shortcode-soc-icons a.single-soc-icon-f7f2a546c6a4276f7d6e80485eb695ec:before,\n.dt-shortcode-soc-icons a.single-soc-icon-f7f2a546c6a4276f7d6e80485eb695ec:after {\n  min-width: 46px;\n  min-height: 46px;\n  padding: inherit;\n}\n#page .dt-shortcode-soc-icons a.single-soc-icon-f7f2a546c6a4276f7d6e80485eb695ec.dt-icon-bg-on:before,\n#phantom .dt-shortcode-soc-icons a.single-soc-icon-f7f2a546c6a4276f7d6e80485eb695ec.dt-icon-bg-on:before {\n  background: #34421e;\n}\n.dt-shortcode-soc-icons a.single-soc-icon-f7f2a546c6a4276f7d6e80485eb695ec.dt-icon-border-on:before {\n  border: 0px solid ;\n}\n.dt-shortcode-soc-icons a.single-soc-icon-f7f2a546c6a4276f7d6e80485eb695ec.dt-icon-hover-border-on:after {\n  border: 0px solid ;\n}\n.dt-shortcode-soc-icons a.single-soc-icon-f7f2a546c6a4276f7d6e80485eb695ec:hover {\n  font-size: 25px;\n}\n#page .dt-shortcode-soc-icons a.single-soc-icon-f7f2a546c6a4276f7d6e80485eb695ec:hover .soc-font-icon,\n#phantom .dt-shortcode-soc-icons a.single-soc-icon-f7f2a546c6a4276f7d6e80485eb695ec:hover .soc-font-icon,\n#page .dt-shortcode-soc-icons a.single-soc-icon-f7f2a546c6a4276f7d6e80485eb695ec:hover .soc-icon,\n#phantom .dt-shortcode-soc-icons a.single-soc-icon-f7f2a546c6a4276f7d6e80485eb695ec:hover .soc-icon {\n  color: #ffffff;\n  background: none;\n}\n#page .dt-shortcode-soc-icons a.single-soc-icon-f7f2a546c6a4276f7d6e80485eb695ec.dt-icon-hover-bg-on:after,\n#phantom .dt-shortcode-soc-icons a.single-soc-icon-f7f2a546c6a4276f7d6e80485eb695ec.dt-icon-hover-bg-on:after {\n  background: #c19434;\n}\n#page .dt-shortcode-soc-icons a.single-soc-icon-f7f2a546c6a4276f7d6e80485eb695ec:not(:hover) .soc-font-icon,\n#phantom .dt-shortcode-soc-icons a.single-soc-icon-f7f2a546c6a4276f7d6e80485eb695ec:not(:hover) .soc-font-icon,\n#page .dt-shortcode-soc-icons a.single-soc-icon-f7f2a546c6a4276f7d6e80485eb695ec:not(:hover) .soc-icon,\n#phantom .dt-shortcode-soc-icons a.single-soc-icon-f7f2a546c6a4276f7d6e80485eb695ec:not(:hover) .soc-icon {\n  color: #ffffff;\n  background: none;\n}\n.dt-shortcode-soc-icons a.single-soc-icon-f7f2a546c6a4276f7d6e80485eb695ec .soc-font-icon,\n.dt-shortcode-soc-icons a.single-soc-icon-f7f2a546c6a4276f7d6e80485eb695ec .soc-icon {\n  font-size: 25px;\n}\n<\/style><a title=\"Instagram\" href=\"https:\/\/www.instagram.com\/fici_atolyesi\/\" class=\"instagram single-soc-icon-f7f2a546c6a4276f7d6e80485eb695ec dt-icon-bg-on dt-icon-hover-bg-on  \" ><i class=\"soc-icon soc-font-icon dt-icon-instagram\"><\/i><span class=\"screen-reader-text\">Instagram<\/span><\/a><\/div>[\/vc_column][\/vc_row][vc_row full_width=&#8221;stretch_row&#8221; equal_height=&#8221;yes&#8221; content_placement=&#8221;top&#8221; bg_type=&#8221;image&#8221; parallax_style=&#8221;vcpb-default&#8221; bg_image_new=&#8221;id^716|url^https:\/\/the7.io\/church\/wp-content\/uploads\/sites\/54\/2019\/07\/bird-38825.png|caption^null|alt^null|title^bird-38825|description^null&#8221; bg_image_repeat=&#8221;no-repeat&#8221; bg_image_size=&#8221;initial&#8221; bg_image_posiiton=&#8221;right bottom&#8221; css=&#8221;.vc_custom_1562003247308{padding-top: 80px !important;background-color: #34421e !important;}&#8221;][vc_column width=&#8221;1\/2&#8243; css=&#8221;.vc_custom_1562003235102{margin-bottom: 50px !important;}&#8221;]<form class=\"dt-contact-form dt-form\" method=\"post\"><input type=\"hidden\" name=\"widget_id\" value=\"presscore-contact-form-widget--1\" \/><input type=\"hidden\" name=\"send_message\" value=\"\" \/><input type=\"hidden\" name=\"security_token\" value=\"8b86c2465795e89972bc\"\/><div class=\"form-fields\"><span class=\"form-name\"><label class=\"assistive-text\">\u0130sim *<\/label><input type=\"text\" class=\"validate[required]\" placeholder=\"\u0130sim *\" name=\"name\" value=\"\" aria-required=\"true\">\n<\/span><span class=\"form-mail\"><label class=\"assistive-text\">E-mail *<\/label><input type=\"text\" class=\"validate[required,custom[email]]\" placeholder=\"E-mail *\" name=\"email\" value=\"\" aria-required=\"true\">\n<\/span><span class=\"form-telephone\"><label class=\"assistive-text\">Telefon<\/label><input type=\"text\" placeholder=\"Telefon\" name=\"telephone\" value=\"\" aria-required=\"false\">\n<\/span><\/div><span class=\"form-message\"><label class=\"assistive-text\">Mesaj\u0131n\u0131z<\/label><textarea placeholder=\"Mesaj\u0131n\u0131z\" name=\"message\" rows=\"6\" aria-required=\"false\"><\/textarea>\n<\/span><p><a href=\"#\" class=\"dt-btn dt-btn-m dt-btn-submit\" rel=\"nofollow\"><span>G\u00f6nder<\/span><\/a><input class=\"assistive-text\" type=\"submit\" value=\"submit\"><\/p><\/form>\n[\/vc_column][vc_column width=&#8221;1\/2&#8243; css=&#8221;.vc_custom_1616595755472{margin-bottom: 100px !important;background-position: center !important;background-repeat: no-repeat !important;background-size: cover !important;}&#8221;][vc_column_text css=&#8221;.vc_custom_1616595610355{padding-bottom: 30px !important;}&#8221;][\/vc_column_text]<div id=\"ultimate-heading-832869e337a1e49cd\" class=\"uvc-heading ult-adjust-bottom-margin ultimate-heading-832869e337a1e49cd uvc-1191 accent-title-color uvc-heading-default-font-sizes\" data-hspacer=\"no_spacer\"  data-halign=\"left\" style=\"text-align:left\"><div class=\"uvc-heading-spacer no_spacer\" style=\"top\"><\/div><div class=\"uvc-main-heading ult-responsive\"  data-ultimate-target='.uvc-heading.ultimate-heading-832869e337a1e49cd h5'  data-responsive-json-new='{\"font-size\":\"\",\"line-height\":\"\"}' ><h5 style=\"--font-weight:theme;color:#ffffff;margin-top:0px;margin-bottom:000px;\">ADRES<\/h5><\/div><div class=\"uvc-sub-heading ult-responsive\"  data-ultimate-target='.uvc-heading.ultimate-heading-832869e337a1e49cd .uvc-sub-heading '  data-responsive-json-new='{\"font-size\":\"\",\"line-height\":\"\"}'  style=\"font-weight:normal;color:#ffffff;margin-bottom:0px;\">Selanik Bulvar\u0131, G\u00f6k\u015fin Sokak, No: 4, 34075, Kemerburgaz, \u0130stanbul<\/div><\/div><div id=\"ultimate-heading-266169e337a1e49fc\" class=\"uvc-heading ult-adjust-bottom-margin ultimate-heading-266169e337a1e49fc uvc-5789 accent-title-color uvc-heading-default-font-sizes\" data-hspacer=\"no_spacer\"  data-halign=\"left\" style=\"text-align:left\"><div class=\"uvc-heading-spacer no_spacer\" style=\"top\"><\/div><div class=\"uvc-main-heading ult-responsive\"  data-ultimate-target='.uvc-heading.ultimate-heading-266169e337a1e49fc h5'  data-responsive-json-new='{\"font-size\":\"\",\"line-height\":\"\"}' ><h5 style=\"--font-weight:theme;color:#ffffff;margin-bottom:5px;\">B\u0130Z\u0130 ARAYIN<\/h5><\/div><div class=\"uvc-sub-heading ult-responsive\"  data-ultimate-target='.uvc-heading.ultimate-heading-266169e337a1e49fc .uvc-sub-heading '  data-responsive-json-new='{\"font-size\":\"\",\"line-height\":\"\"}'  style=\"font-weight:normal;color:#ffffff;margin-bottom:15px;\">0212 360 00 49<\/div><\/div><div id=\"ultimate-heading-620469e337a1e4a1c\" class=\"uvc-heading ult-adjust-bottom-margin ultimate-heading-620469e337a1e4a1c uvc-6610 accent-title-color uvc-heading-default-font-sizes\" data-hspacer=\"no_spacer\"  data-halign=\"left\" style=\"text-align:left\"><div class=\"uvc-heading-spacer no_spacer\" style=\"top\"><\/div><div class=\"uvc-main-heading ult-responsive\"  data-ultimate-target='.uvc-heading.ultimate-heading-620469e337a1e4a1c h5'  data-responsive-json-new='{\"font-size\":\"\",\"line-height\":\"\"}' ><h5 style=\"--font-weight:theme;color:#ffffff;margin-bottom:5px;\">EMAIL<\/h5><\/div><div class=\"uvc-sub-heading ult-responsive\"  data-ultimate-target='.uvc-heading.ultimate-heading-620469e337a1e4a1c .uvc-sub-heading '  data-responsive-json-new='{\"font-size\":\"\",\"line-height\":\"\"}'  style=\"font-weight:normal;color:#ffffff;margin-bottom:15px;\"><\/p>\n<div class=\"elementor-column elementor-col-50 elementor-inner-column elementor-element elementor-element-55176610\" data-id=\"55176610\" data-element_type=\"column\" data-settings=\"{&quot;background_background&quot;:&quot;classic&quot;}\">\n<div class=\"elementor-column-wrap elementor-element-populated\">\n<div class=\"elementor-widget-wrap\">\n<div class=\"elementor-element elementor-element-59a811f9 elementor-widget elementor-widget-text-editor\" data-id=\"59a811f9\" data-element_type=\"widget\" data-widget_type=\"text-editor.default\">\n<div class=\"elementor-widget-container\">\n<div class=\"elementor-text-editor elementor-clearfix\">\n<p>info@ficiatolyesi.com<\/p>\n<\/div>\n<\/div>\n<\/div>\n<\/div>\n<\/div>\n<\/div>\n<p><\/div><\/div>[\/vc_column][\/vc_row]<\/p>\n","protected":false},"excerpt":{"rendered":"<p>[vc_row bg_type=&#8221;bg_color&#8221; bg_override=&#8221;full&#8221; css=&#8221;.vc_custom_1561965266036{padding-top: 70px !important;padding-bottom: 80px !important;}&#8221; bg_color_value=&#8221;#f7f7f7&#8243;][vc_column][vc_single_image image=&#8221;1215&#8243; img_size=&#8221;full&#8221; alignment=&#8221;center&#8221;][\/vc_column][\/vc_row][vc_row full_width=&#8221;stretch_row&#8221; equal_height=&#8221;yes&#8221; content_placement=&#8221;top&#8221; bg_type=&#8221;image&#8221; parallax_style=&#8221;vcpb-default&#8221; bg_image_new=&#8221;id^716|url^https:\/\/the7.io\/church\/wp-content\/uploads\/sites\/54\/2019\/07\/bird-38825.png|caption^null|alt^null|title^bird-38825|description^null&#8221; bg_image_repeat=&#8221;no-repeat&#8221; bg_image_size=&#8221;initial&#8221; bg_image_posiiton=&#8221;right bottom&#8221; css=&#8221;.vc_custom_1562003247308{padding-top: 80px !important;background-color: #34421e !important;}&#8221;][vc_column width=&#8221;1\/2&#8243; css=&#8221;.vc_custom_1562003235102{margin-bottom: 50px !important;}&#8221;][\/vc_column][vc_column width=&#8221;1\/2&#8243; css=&#8221;.vc_custom_1616595755472{margin-bottom: 100px !important;background-position: center !important;background-repeat: no-repeat !important;background-size: cover !important;}&#8221;][vc_column_text css=&#8221;.vc_custom_1616595610355{padding-bottom: 30px !important;}&#8221;][\/vc_column_text][\/vc_column][\/vc_row]<\/p>\n","protected":false},"author":1,"featured_media":0,"parent":0,"menu_order":0,"comment_status":"closed","ping_status":"closed","template":"","meta":{"footnotes":""},"_links":{"self":[{"href":"https:\/\/ficiatolyesi.com\/index.php?rest_route=\/wp\/v2\/pages\/1165"}],"collection":[{"href":"https:\/\/ficiatolyesi.com\/index.php?rest_route=\/wp\/v2\/pages"}],"about":[{"href":"https:\/\/ficiatolyesi.com\/index.php?rest_route=\/wp\/v2\/types\/page"}],"author":[{"embeddable":true,"href":"https:\/\/ficiatolyesi.com\/index.php?rest_route=\/wp\/v2\/users\/1"}],"replies":[{"embeddable":true,"href":"https:\/\/ficiatolyesi.com\/index.php?rest_route=%2Fwp%2Fv2%2Fcomments&post=1165"}],"version-history":[{"count":12,"href":"https:\/\/ficiatolyesi.com\/index.php?rest_route=\/wp\/v2\/pages\/1165\/revisions"}],"predecessor-version":[{"id":1252,"href":"https:\/\/ficiatolyesi.com\/index.php?rest_route=\/wp\/v2\/pages\/1165\/revisions\/1252"}],"wp:attachment":[{"href":"https:\/\/ficiatolyesi.com\/index.php?rest_route=%2Fwp%2Fv2%2Fmedia&parent=1165"}],"curies":[{"name":"wp","href":"https:\/\/api.w.org\/{rel}","templated":true}]}}